{"id":44,"date":"2021-10-02T12:25:34","date_gmt":"2021-10-02T10:25:34","guid":{"rendered":"http:\/\/beatasvaralova.cz\/?page_id=44"},"modified":"2024-10-01T13:35:51","modified_gmt":"2024-10-01T11:35:51","slug":"domu","status":"publish","type":"page","link":"https:\/\/beatasvaralova.cz\/","title":{"rendered":"Dom\u016f"},"content":{"rendered":"\n<figure class=\"wp-block-image size-large is-style-default\"><img loading=\"lazy\" decoding=\"async\" width=\"1024\" height=\"647\" src=\"https:\/\/beatasvaralova.cz\/wp-content\/uploads\/2021\/11\/tania-miron-M8rUWepujF8-unsplash-1-1-1024x647.jpg\" alt=\"\" class=\"wp-image-60\" srcset=\"https:\/\/beatasvaralova.cz\/wp-content\/uploads\/2021\/11\/tania-miron-M8rUWepujF8-unsplash-1-1-1024x647.jpg 1024w, https:\/\/beatasvaralova.cz\/wp-content\/uploads\/2021\/11\/tania-miron-M8rUWepujF8-unsplash-1-1-300x190.jpg 300w, https:\/\/beatasvaralova.cz\/wp-content\/uploads\/2021\/11\/tania-miron-M8rUWepujF8-unsplash-1-1-768x485.jpg 768w, https:\/\/beatasvaralova.cz\/wp-content\/uploads\/2021\/11\/tania-miron-M8rUWepujF8-unsplash-1-1-1536x970.jpg 1536w, https:\/\/beatasvaralova.cz\/wp-content\/uploads\/2021\/11\/tania-miron-M8rUWepujF8-unsplash-1-1-2048x1294.jpg 2048w, https:\/\/beatasvaralova.cz\/wp-content\/uploads\/2021\/11\/tania-miron-M8rUWepujF8-unsplash-1-1-1568x990.jpg 1568w\" sizes=\"auto, (max-width: 1024px) 100vw, 1024px\" \/><\/figure>\n\n\n\n<p>Nab\u00edz\u00edm odbornou pomoc v t\u00ed\u017eiv\u00fdch \u017eivotn\u00edch situac\u00edch, p\u0159i probl\u00e9mech ve vztaz\u00edch, kdy\u017e v\u00e1s tr\u00e1p\u00ed nep\u0159im\u011b\u0159en\u00e9 strachy, \u00fazkosti a smutek, pocity viny, m\u00e9n\u011bcennosti, n\u00edzk\u00e1 sebed\u016fv\u011bra, pocity bezsmyslnosti, pr\u00e1zdnoty, stres a vyho\u0159en\u00ed, psychosomatick\u00e9 pot\u00ed\u017ee. <\/p>\n\n\n\n<p>Individu\u00e1ln\u00ed psychoterapeutick\u00e9 poradenstv\u00ed prob\u00edh\u00e1 formou osobn\u00edho setk\u00e1n\u00ed nebo online.<\/p>\n\n\n\n<h2 class=\"wp-block-heading\">Kontakt<\/h2>\n\n\n\n<p>Pracuji v psychiatrick\u00e9 ambulanci MUDr. Rou\u0161al &#8211; MUDr. Rou\u0161alov\u00e1 s.r.o., Poliklinika U T\u0159\u00ed lv\u016f<br>U T\u0159\u00ed lv\u016f 294\/4, \u010cesk\u00e9 Bud\u011bjovice 6<\/p>\n\n\n\n<p>V p\u0159\u00edpad\u011b dal\u0161\u00edch dotaz\u016f ohledn\u011b podm\u00ednek a pr\u016fb\u011bhu terapie nebo k objedn\u00e1n\u00ed term\u00ednu m\u011b m\u016f\u017eete kontaktovat telefonicky nebo e-mailem.<\/p>\n\n\n\n<div class=\"wp-block-columns is-layout-flex wp-container-core-columns-is-layout-9d6595d7 wp-block-columns-is-layout-flex\">\n<div class=\"wp-block-column is-layout-flow wp-block-column-is-layout-flow\" style=\"flex-basis:100%\">\n<div class=\"wp-block-columns is-layout-flex wp-container-core-columns-is-layout-9d6595d7 wp-block-columns-is-layout-flex\">\n<div class=\"wp-block-column is-layout-flow wp-block-column-is-layout-flow\">\n<div class=\"wp-block-group\"><div class=\"wp-block-group__inner-container is-layout-flow wp-block-group-is-layout-flow\">\n<div class=\"wp-block-group\"><div class=\"wp-block-group__inner-container is-layout-flow wp-block-group-is-layout-flow\">\n<p>Tel.: <a href=\"tel:+420608148541\">+420 608 148 541<\/a><\/p>\n\n\n\n<p>E-Mail: <a href=\"mailto:beatasvaralova@gmail.com\">beatasvaralova@gmail.com<\/a><\/p>\n<\/div><\/div>\n<\/div><\/div>\n<\/div>\n<\/div>\n<\/div>\n<\/div>\n","protected":false},"excerpt":{"rendered":"<p>Nab\u00edz\u00edm odbornou pomoc v t\u00ed\u017eiv\u00fdch \u017eivotn\u00edch situac\u00edch, p\u0159i probl\u00e9mech ve vztaz\u00edch, kdy\u017e v\u00e1s tr\u00e1p\u00ed nep\u0159im\u011b\u0159en\u00e9 strachy, \u00fazkosti a smutek, pocity viny, m\u00e9n\u011bcennosti, n\u00edzk\u00e1 sebed\u016fv\u011bra, pocity bezsmyslnosti, pr\u00e1zdnoty, stres a vyho\u0159en\u00ed, psychosomatick\u00e9 pot\u00ed\u017ee. Individu\u00e1ln\u00ed psychoterapeutick\u00e9 poradenstv\u00ed prob\u00edh\u00e1 formou osobn\u00edho setk\u00e1n\u00ed nebo online. Kontakt Pracuji v psychiatrick\u00e9 ambulanci MUDr. Rou\u0161al &#8211; MUDr. Rou\u0161alov\u00e1 s.r.o., Poliklinika U T\u0159\u00ed&hellip; <a class=\"more-link\" href=\"https:\/\/beatasvaralova.cz\/\">Pokra\u010dovat ve\u00a0\u010dten\u00ed <span class=\"screen-reader-text\">Dom\u016f<\/span><\/a><\/p>\n","protected":false},"author":1,"featured_media":0,"parent":0,"menu_order":0,"comment_status":"closed","ping_status":"closed","template":"","meta":{"footnotes":""},"class_list":["post-44","page","type-page","status-publish","hentry","entry"],"yoast_head":"<!-- This site is optimized with the Yoast SEO plugin v17.6 - https:\/\/yoast.com\/wordpress\/plugins\/seo\/ -->\n<title>MUDr. Beata \u0160varalov\u00e1 - Psychoterapeutick\u00e9 poradenstv\u00ed<\/title>\n<meta name=\"description\" content=\"Odborn\u00e1 pomoc v t\u00ed\u017eiv\u00fdch \u017eivotn\u00edch situac\u00edch, probl\u00e9mech ve vztaz\u00edch, \u00fazkostech, n\u00edzk\u00e9 sebed\u016fv\u011bry, bezesmyslnosti, vyho\u0159en\u00ed...\" \/>\n<meta name=\"robots\" content=\"index, follow, max-snippet:-1, max-image-preview:large, max-video-preview:-1\" \/>\n<link rel=\"canonical\" href=\"https:\/\/beatasvaralova.cz\/\" \/>\n<meta property=\"og:locale\" content=\"cs_CZ\" \/>\n<meta property=\"og:type\" content=\"article\" \/>\n<meta property=\"og:title\" content=\"MUDr. Beata \u0160varalov\u00e1 - Psychoterapeutick\u00e9 poradenstv\u00ed\" \/>\n<meta property=\"og:description\" content=\"Odborn\u00e1 pomoc v t\u00ed\u017eiv\u00fdch \u017eivotn\u00edch situac\u00edch, probl\u00e9mech ve vztaz\u00edch, \u00fazkostech, n\u00edzk\u00e9 sebed\u016fv\u011bry, bezesmyslnosti, vyho\u0159en\u00ed...\" \/>\n<meta property=\"og:url\" content=\"https:\/\/beatasvaralova.cz\/\" \/>\n<meta property=\"og:site_name\" content=\"Psychoterapeutick\u00e9 poradenstv\u00ed\" \/>\n<meta property=\"article:modified_time\" content=\"2024-10-01T11:35:51+00:00\" \/>\n<meta property=\"og:image\" content=\"https:\/\/beatasvaralova.cz\/wp-content\/uploads\/2021\/11\/tania-miron-M8rUWepujF8-unsplash-1-1-1024x647.jpg\" \/>\n<meta name=\"twitter:card\" content=\"summary_large_image\" \/>\n<meta name=\"twitter:label1\" content=\"Odhadovan\u00e1 doba \u010dten\u00ed\" \/>\n\t<meta name=\"twitter:data1\" content=\"1 minuta\" \/>\n<script type=\"application\/ld+json\" class=\"yoast-schema-graph\">{\"@context\":\"https:\/\/schema.org\",\"@graph\":[{\"@type\":\"WebSite\",\"@id\":\"https:\/\/beatasvaralova.cz\/#website\",\"url\":\"https:\/\/beatasvaralova.cz\/\",\"name\":\"Psychoterapeutick\\u00e9 poradenstv\\u00ed\",\"description\":\"MUDr. Beata \\u0160varalov\\u00e1\",\"potentialAction\":[{\"@type\":\"SearchAction\",\"target\":{\"@type\":\"EntryPoint\",\"urlTemplate\":\"https:\/\/beatasvaralova.cz\/?s={search_term_string}\"},\"query-input\":\"required name=search_term_string\"}],\"inLanguage\":\"cs\"},{\"@type\":\"ImageObject\",\"@id\":\"https:\/\/beatasvaralova.cz\/#primaryimage\",\"inLanguage\":\"cs\",\"url\":\"https:\/\/beatasvaralova.cz\/wp-content\/uploads\/2021\/11\/tania-miron-M8rUWepujF8-unsplash-1-1.jpg\",\"contentUrl\":\"https:\/\/beatasvaralova.cz\/wp-content\/uploads\/2021\/11\/tania-miron-M8rUWepujF8-unsplash-1-1.jpg\",\"width\":2400,\"height\":1516},{\"@type\":[\"WebPage\",\"MedicalWebPage\"],\"@id\":\"https:\/\/beatasvaralova.cz\/#webpage\",\"url\":\"https:\/\/beatasvaralova.cz\/\",\"name\":\"MUDr. Beata \\u0160varalov\\u00e1 - Psychoterapeutick\\u00e9 poradenstv\\u00ed\",\"isPartOf\":{\"@id\":\"https:\/\/beatasvaralova.cz\/#website\"},\"primaryImageOfPage\":{\"@id\":\"https:\/\/beatasvaralova.cz\/#primaryimage\"},\"datePublished\":\"2021-10-02T10:25:34+00:00\",\"dateModified\":\"2024-10-01T11:35:51+00:00\",\"description\":\"Odborn\\u00e1 pomoc v t\\u00ed\\u017eiv\\u00fdch \\u017eivotn\\u00edch situac\\u00edch, probl\\u00e9mech ve vztaz\\u00edch, \\u00fazkostech, n\\u00edzk\\u00e9 sebed\\u016fv\\u011bry, bezesmyslnosti, vyho\\u0159en\\u00ed...\",\"breadcrumb\":{\"@id\":\"https:\/\/beatasvaralova.cz\/#breadcrumb\"},\"inLanguage\":\"cs\",\"potentialAction\":[{\"@type\":\"ReadAction\",\"target\":[\"https:\/\/beatasvaralova.cz\/\"]}]},{\"@type\":\"BreadcrumbList\",\"@id\":\"https:\/\/beatasvaralova.cz\/#breadcrumb\",\"itemListElement\":[{\"@type\":\"ListItem\",\"position\":1,\"name\":\"Dom\\u016f\",\"item\":\"https:\/\/beatasvaralova.cz\/\"},{\"@type\":\"ListItem\",\"position\":2,\"name\":\"Dom\\u016f\"}]}]}<\/script>\n<!-- \/ Yoast SEO plugin. -->","yoast_head_json":{"title":"MUDr. Beata \u0160varalov\u00e1 - Psychoterapeutick\u00e9 poradenstv\u00ed","description":"Odborn\u00e1 pomoc v t\u00ed\u017eiv\u00fdch \u017eivotn\u00edch situac\u00edch, probl\u00e9mech ve vztaz\u00edch, \u00fazkostech, n\u00edzk\u00e9 sebed\u016fv\u011bry, bezesmyslnosti, vyho\u0159en\u00ed...","robots":{"index":"index","follow":"follow","max-snippet":"max-snippet:-1","max-image-preview":"max-image-preview:large","max-video-preview":"max-video-preview:-1"},"canonical":"https:\/\/beatasvaralova.cz\/","og_locale":"cs_CZ","og_type":"article","og_title":"MUDr. Beata \u0160varalov\u00e1 - Psychoterapeutick\u00e9 poradenstv\u00ed","og_description":"Odborn\u00e1 pomoc v t\u00ed\u017eiv\u00fdch \u017eivotn\u00edch situac\u00edch, probl\u00e9mech ve vztaz\u00edch, \u00fazkostech, n\u00edzk\u00e9 sebed\u016fv\u011bry, bezesmyslnosti, vyho\u0159en\u00ed...","og_url":"https:\/\/beatasvaralova.cz\/","og_site_name":"Psychoterapeutick\u00e9 poradenstv\u00ed","article_modified_time":"2024-10-01T11:35:51+00:00","og_image":[{"url":"https:\/\/beatasvaralova.cz\/wp-content\/uploads\/2021\/11\/tania-miron-M8rUWepujF8-unsplash-1-1-1024x647.jpg"}],"twitter_card":"summary_large_image","twitter_misc":{"Odhadovan\u00e1 doba \u010dten\u00ed":"1 minuta"},"schema":{"@context":"https:\/\/schema.org","@graph":[{"@type":"WebSite","@id":"https:\/\/beatasvaralova.cz\/#website","url":"https:\/\/beatasvaralova.cz\/","name":"Psychoterapeutick\u00e9 poradenstv\u00ed","description":"MUDr. Beata \u0160varalov\u00e1","potentialAction":[{"@type":"SearchAction","target":{"@type":"EntryPoint","urlTemplate":"https:\/\/beatasvaralova.cz\/?s={search_term_string}"},"query-input":"required name=search_term_string"}],"inLanguage":"cs"},{"@type":"ImageObject","@id":"https:\/\/beatasvaralova.cz\/#primaryimage","inLanguage":"cs","url":"https:\/\/beatasvaralova.cz\/wp-content\/uploads\/2021\/11\/tania-miron-M8rUWepujF8-unsplash-1-1.jpg","contentUrl":"https:\/\/beatasvaralova.cz\/wp-content\/uploads\/2021\/11\/tania-miron-M8rUWepujF8-unsplash-1-1.jpg","width":2400,"height":1516},{"@type":["WebPage","MedicalWebPage"],"@id":"https:\/\/beatasvaralova.cz\/#webpage","url":"https:\/\/beatasvaralova.cz\/","name":"MUDr. Beata \u0160varalov\u00e1 - Psychoterapeutick\u00e9 poradenstv\u00ed","isPartOf":{"@id":"https:\/\/beatasvaralova.cz\/#website"},"primaryImageOfPage":{"@id":"https:\/\/beatasvaralova.cz\/#primaryimage"},"datePublished":"2021-10-02T10:25:34+00:00","dateModified":"2024-10-01T11:35:51+00:00","description":"Odborn\u00e1 pomoc v t\u00ed\u017eiv\u00fdch \u017eivotn\u00edch situac\u00edch, probl\u00e9mech ve vztaz\u00edch, \u00fazkostech, n\u00edzk\u00e9 sebed\u016fv\u011bry, bezesmyslnosti, vyho\u0159en\u00ed...","breadcrumb":{"@id":"https:\/\/beatasvaralova.cz\/#breadcrumb"},"inLanguage":"cs","potentialAction":[{"@type":"ReadAction","target":["https:\/\/beatasvaralova.cz\/"]}]},{"@type":"BreadcrumbList","@id":"https:\/\/beatasvaralova.cz\/#breadcrumb","itemListElement":[{"@type":"ListItem","position":1,"name":"Dom\u016f","item":"https:\/\/beatasvaralova.cz\/"},{"@type":"ListItem","position":2,"name":"Dom\u016f"}]}]}},"_links":{"self":[{"href":"https:\/\/beatasvaralova.cz\/index.php\/wp-json\/wp\/v2\/pages\/44","targetHints":{"allow":["GET"]}}],"collection":[{"href":"https:\/\/beatasvaralova.cz\/index.php\/wp-json\/wp\/v2\/pages"}],"about":[{"href":"https:\/\/beatasvaralova.cz\/index.php\/wp-json\/wp\/v2\/types\/page"}],"author":[{"embeddable":true,"href":"https:\/\/beatasvaralova.cz\/index.php\/wp-json\/wp\/v2\/users\/1"}],"replies":[{"embeddable":true,"href":"https:\/\/beatasvaralova.cz\/index.php\/wp-json\/wp\/v2\/comments?post=44"}],"version-history":[{"count":10,"href":"https:\/\/beatasvaralova.cz\/index.php\/wp-json\/wp\/v2\/pages\/44\/revisions"}],"predecessor-version":[{"id":74,"href":"https:\/\/beatasvaralova.cz\/index.php\/wp-json\/wp\/v2\/pages\/44\/revisions\/74"}],"wp:attachment":[{"href":"https:\/\/beatasvaralova.cz\/index.php\/wp-json\/wp\/v2\/media?parent=44"}],"curies":[{"name":"wp","href":"https:\/\/api.w.org\/{rel}","templated":true}]}}